{"id":169,"date":"2025-06-04T01:52:50","date_gmt":"2025-06-03T23:52:50","guid":{"rendered":"http:\/\/serwer362463.lh.pl\/autoinstalator\/serwer362463.lh.pl\/wordpress122337\/?page_id=169"},"modified":"2025-06-04T01:53:30","modified_gmt":"2025-06-03T23:53:30","slug":"obsluga-firm","status":"publish","type":"page","link":"https:\/\/adwokat-faron.pl\/index.php\/obsluga-firm\/","title":{"rendered":"Obs\u0142uga firm"},"content":{"rendered":"\t\t<div data-elementor-type=\"wp-page\" data-elementor-id=\"169\" class=\"elementor elementor-169\" data-elementor-post-type=\"page\">\n\t\t\t\t<div class=\"elementor-element elementor-element-95667e4 e-flex e-con-boxed e-con e-parent\" data-id=\"95667e4\" data-element_type=\"container\" data-e-type=\"container\" data-settings=\"{&quot;background_background&quot;:&quot;classic&quot;}\">\n\t\t\t\t\t<div class=\"e-con-inner\">\n\t\t<div class=\"elementor-element elementor-element-3d340d9 e-con-full e-flex e-con e-child\" data-id=\"3d340d9\" data-element_type=\"container\" data-e-type=\"container\">\n\t\t\t\t<div class=\"elementor-element elementor-element-b59dbe3 elementor-widget elementor-widget-heading\" data-id=\"b59dbe3\" data-element_type=\"widget\" data-e-type=\"widget\" data-widget_type=\"heading.default\">\n\t\t\t\t\t<h1 class=\"elementor-heading-title elementor-size-default\">Obs\u0142uga firm.<\/h1>\t\t\t\t<\/div>\n\t\t\t\t<div class=\"elementor-element elementor-element-c812ee8 elementor-widget elementor-widget-text-editor\" data-id=\"c812ee8\" data-element_type=\"widget\" data-e-type=\"widget\" data-widget_type=\"text-editor.default\">\n\t\t\t\t\t\t\t\t\t<p data-start=\"346\" data-end=\"581\"><strong data-start=\"346\" data-end=\"414\">W biznesie liczy si\u0119 nie tylko pomys\u0142, ale tak\u017ce bezpiecze\u0144stwo.<\/strong><br data-start=\"414\" data-end=\"417\" \/>Dobra kancelaria to taka, kt\u00f3ra zna realia prowadzenia firmy \u2013 wspiera w codziennych decyzjach, zapobiega ryzyku i reaguje, zanim problem wymknie si\u0119 spod kontroli.<\/p><p data-start=\"583\" data-end=\"694\"><strong data-start=\"583\" data-end=\"694\">Jako prawnik towarzysz\u0119 przedsi\u0119biorcom na ka\u017cdym etapie \u2013 od za\u0142o\u017cenia firmy po negocjacje i spory s\u0105dowe.<\/strong><\/p><p data-start=\"696\" data-end=\"709\">Pomagam, gdy:<\/p><p data-start=\"711\" data-end=\"1003\">\u2013 potrzebujesz stworzy\u0107 bezpieczn\u0105 umow\u0119 z kontrahentem,<br data-start=\"767\" data-end=\"770\" \/>\u2013 masz sp\u00f3r z klientem, dostawc\u0105 lub pracownikiem,<br data-start=\"820\" data-end=\"823\" \/>\u2013 chcesz zabezpieczy\u0107 swoj\u0105 mark\u0119 i interesy,<br data-start=\"868\" data-end=\"871\" \/>\u2013 otrzymujesz pisma, kt\u00f3re wymagaj\u0105 szybkiej i trafnej reakcji,<br data-start=\"934\" data-end=\"937\" \/>\u2013 zale\u017cy Ci na sta\u0142ej, stabilnej wsp\u00f3\u0142pracy prawnej bez zaskocze\u0144.<\/p><p data-start=\"1005\" data-end=\"1119\"><strong data-start=\"1005\" data-end=\"1056\">Prawo gospodarcze to moje codzienne \u015brodowisko.<\/strong><br data-start=\"1056\" data-end=\"1059\" \/>Znam j\u0119zyk biznesu \u2013 i wiem, jak go po\u0142\u0105czy\u0107 z liter\u0105 prawa.<\/p>\t\t\t\t\t\t\t\t<\/div>\n\t\t\t\t<div class=\"elementor-element elementor-element-111da0d elementor-hidden-desktop elementor-hidden-tablet elementor-widget-divider--view-line elementor-widget elementor-widget-divider\" data-id=\"111da0d\" data-element_type=\"widget\" data-e-type=\"widget\" data-widget_type=\"divider.default\">\n\t\t\t\t\t\t\t<div class=\"elementor-divider\">\n\t\t\t<span class=\"elementor-divider-separator\">\n\t\t\t\t\t\t<\/span>\n\t\t<\/div>\n\t\t\t\t\t\t<\/div>\n\t\t\t\t<\/div>\n\t\t<div class=\"elementor-element elementor-element-2e2f77e e-con-full e-flex e-con e-child\" data-id=\"2e2f77e\" data-element_type=\"container\" data-e-type=\"container\" data-settings=\"{&quot;background_background&quot;:&quot;classic&quot;}\">\n\t\t\t\t<div class=\"elementor-element elementor-element-7399949 elementor-hidden-tablet elementor-hidden-mobile elementor-widget elementor-widget-text-editor\" data-id=\"7399949\" data-element_type=\"widget\" data-e-type=\"widget\" data-widget_type=\"text-editor.default\">\n\t\t\t\t\t\t\t\t\t<p data-start=\"1178\" data-end=\"1214\"><strong data-start=\"1178\" data-end=\"1212\">Zakres obs\u0142ugi prawnej firm:<\/strong><\/p><ul data-start=\"1216\" data-end=\"1805\"><li data-start=\"1216\" data-end=\"1285\"><p data-start=\"1218\" data-end=\"1285\"><strong data-start=\"1218\" data-end=\"1285\">Zak\u0142adanie i przekszta\u0142canie dzia\u0142alno\u015bci gospodarczej i sp\u00f3\u0142ek<\/strong><\/p><\/li><li data-start=\"1287\" data-end=\"1360\"><p data-start=\"1289\" data-end=\"1360\"><strong data-start=\"1289\" data-end=\"1360\">Przygotowywanie i analiza um\u00f3w handlowych, B2B, NDA, leasing\u00f3w itd.<\/strong><\/p><\/li><li data-start=\"1362\" data-end=\"1499\"><p data-start=\"1364\" data-end=\"1499\"><strong data-start=\"1364\" data-end=\"1435\">Sta\u0142a obs\u0142uga prawna (umowa abonamentowa lub rozliczenie godzinowe)<\/strong><br data-start=\"1435\" data-end=\"1438\" \/>\u2192 porady, pisma, negocjacje, monitoring zmian w przepisach.<\/p><\/li><li data-start=\"1501\" data-end=\"1624\"><p data-start=\"1503\" data-end=\"1624\"><strong data-start=\"1503\" data-end=\"1552\">Spory z kontrahentami, klientami lub urz\u0119dami<\/strong><br data-start=\"1552\" data-end=\"1555\" \/>\u2192 reprezentacja s\u0105dowa i pozas\u0105dowa, mediacje, wezwania do zap\u0142aty.<\/p><\/li><li data-start=\"1626\" data-end=\"1672\"><p data-start=\"1628\" data-end=\"1672\"><strong data-start=\"1628\" data-end=\"1672\">Ochrona danych osobowych i RODO w firmie<\/strong><\/p><\/li><li data-start=\"1674\" data-end=\"1744\"><p data-start=\"1676\" data-end=\"1744\"><strong data-start=\"1676\" data-end=\"1744\">Reprezentacja w post\u0119powaniach administracyjnych i gospodarczych<\/strong><\/p><\/li><li data-start=\"1746\" data-end=\"1805\"><p data-start=\"1748\" data-end=\"1805\"><strong data-start=\"1748\" data-end=\"1805\">Windykacja nale\u017cno\u015bci i zabezpieczanie wierzytelno\u015bci<\/strong><\/p><\/li><\/ul><hr data-start=\"1807\" data-end=\"1810\" \/><p data-start=\"1812\" data-end=\"1957\"><strong data-start=\"1812\" data-end=\"1865\">Tw\u00f3j biznes zas\u0142uguje na solidne zaplecze prawne.<\/strong><br data-start=\"1865\" data-end=\"1868\" \/>Zadbaj o firm\u0119 tak, jak dbasz o rozw\u00f3j \u2013 skontaktuj si\u0119 i sprawd\u017a, jak mog\u0119 Ci\u0119 wesprze\u0107.<\/p>\t\t\t\t\t\t\t\t<\/div>\n\t\t\t\t<div class=\"elementor-element elementor-element-5a319a0 elementor-hidden-desktop elementor-hidden-tablet elementor-widget elementor-widget-text-editor\" data-id=\"5a319a0\" data-element_type=\"widget\" data-e-type=\"widget\" data-widget_type=\"text-editor.default\">\n\t\t\t\t\t\t\t\t\t<p data-start=\"1178\" data-end=\"1214\"><strong data-start=\"1178\" data-end=\"1212\">Zakres obs\u0142ugi prawnej firm:<\/strong><\/p><ul data-start=\"1216\" data-end=\"1805\"><li data-start=\"1216\" data-end=\"1285\"><p data-start=\"1218\" data-end=\"1285\"><strong data-start=\"1218\" data-end=\"1285\">Zak\u0142adanie i przekszta\u0142canie dzia\u0142alno\u015bci gospodarczej i sp\u00f3\u0142ek<\/strong><\/p><\/li><li data-start=\"1287\" data-end=\"1360\"><p data-start=\"1289\" data-end=\"1360\"><strong data-start=\"1289\" data-end=\"1360\">Przygotowywanie i analiza um\u00f3w handlowych, B2B, NDA, leasing\u00f3w itd.<\/strong><\/p><\/li><li data-start=\"1362\" data-end=\"1499\"><p data-start=\"1364\" data-end=\"1499\"><strong data-start=\"1364\" data-end=\"1435\">Sta\u0142a obs\u0142uga prawna (umowa abonamentowa lub rozliczenie godzinowe)<\/strong><br data-start=\"1435\" data-end=\"1438\" \/>\u2192 porady, pisma, negocjacje, monitoring zmian w przepisach.<\/p><\/li><li data-start=\"1501\" data-end=\"1624\"><p data-start=\"1503\" data-end=\"1624\"><strong data-start=\"1503\" data-end=\"1552\">Spory z kontrahentami, klientami lub urz\u0119dami<\/strong><br data-start=\"1552\" data-end=\"1555\" \/>\u2192 reprezentacja s\u0105dowa i pozas\u0105dowa, mediacje, wezwania do zap\u0142aty.<\/p><\/li><li data-start=\"1626\" data-end=\"1672\"><p data-start=\"1628\" data-end=\"1672\"><strong data-start=\"1628\" data-end=\"1672\">Ochrona danych osobowych i RODO w firmie<\/strong><\/p><\/li><li data-start=\"1674\" data-end=\"1744\"><p data-start=\"1676\" data-end=\"1744\"><strong data-start=\"1676\" data-end=\"1744\">Reprezentacja w post\u0119powaniach administracyjnych i gospodarczych<\/strong><\/p><\/li><li data-start=\"1746\" data-end=\"1805\"><p data-start=\"1748\" data-end=\"1805\"><strong data-start=\"1748\" data-end=\"1805\">Windykacja nale\u017cno\u015bci i zabezpieczanie wierzytelno\u015bci<\/strong><\/p><\/li><\/ul><hr data-start=\"1807\" data-end=\"1810\" \/><p data-start=\"1812\" data-end=\"1957\"><strong data-start=\"1812\" data-end=\"1865\">Tw\u00f3j biznes zas\u0142uguje na solidne zaplecze prawne.<\/strong><br data-start=\"1865\" data-end=\"1868\" \/>Zadbaj o firm\u0119 tak, jak dbasz o rozw\u00f3j \u2013 skontaktuj si\u0119 i sprawd\u017a, jak mog\u0119 Ci\u0119 wesprze\u0107.<\/p>\t\t\t\t\t\t\t\t<\/div>\n\t\t\t\t<\/div>\n\t\t\t\t\t<\/div>\n\t\t\t\t<\/div>\n\t\t\t\t<\/div>\n\t\t","protected":false},"excerpt":{"rendered":"<p>Obs\u0142uga firm. W biznesie liczy si\u0119 nie tylko pomys\u0142, ale tak\u017ce bezpiecze\u0144stwo.Dobra kancelaria to taka, kt\u00f3ra zna realia prowadzenia firmy \u2013 wspiera w codziennych decyzjach, zapobiega ryzyku i reaguje, zanim problem wymknie si\u0119 spod kontroli. Jako prawnik towarzysz\u0119 przedsi\u0119biorcom na ka\u017cdym etapie \u2013 od za\u0142o\u017cenia firmy po negocjacje i spory s\u0105dowe. Pomagam, gdy: \u2013 potrzebujesz [&hellip;]<\/p>\n","protected":false},"author":1,"featured_media":0,"parent":0,"menu_order":0,"comment_status":"closed","ping_status":"closed","template":"","meta":{"footnotes":""},"class_list":["post-169","page","type-page","status-publish","hentry"],"_links":{"self":[{"href":"https:\/\/adwokat-faron.pl\/index.php\/wp-json\/wp\/v2\/pages\/169","targetHints":{"allow":["GET"]}}],"collection":[{"href":"https:\/\/adwokat-faron.pl\/index.php\/wp-json\/wp\/v2\/pages"}],"about":[{"href":"https:\/\/adwokat-faron.pl\/index.php\/wp-json\/wp\/v2\/types\/page"}],"author":[{"embeddable":true,"href":"https:\/\/adwokat-faron.pl\/index.php\/wp-json\/wp\/v2\/users\/1"}],"replies":[{"embeddable":true,"href":"https:\/\/adwokat-faron.pl\/index.php\/wp-json\/wp\/v2\/comments?post=169"}],"version-history":[{"count":4,"href":"https:\/\/adwokat-faron.pl\/index.php\/wp-json\/wp\/v2\/pages\/169\/revisions"}],"predecessor-version":[{"id":173,"href":"https:\/\/adwokat-faron.pl\/index.php\/wp-json\/wp\/v2\/pages\/169\/revisions\/173"}],"wp:attachment":[{"href":"https:\/\/adwokat-faron.pl\/index.php\/wp-json\/wp\/v2\/media?parent=169"}],"curies":[{"name":"wp","href":"https:\/\/api.w.org\/{rel}","templated":true}]}}