{"id":164,"date":"2025-06-04T01:52:07","date_gmt":"2025-06-03T23:52:07","guid":{"rendered":"http:\/\/serwer362463.lh.pl\/autoinstalator\/serwer362463.lh.pl\/wordpress122337\/?page_id=164"},"modified":"2025-06-04T01:52:41","modified_gmt":"2025-06-03T23:52:41","slug":"doradztwo-prawne","status":"publish","type":"page","link":"https:\/\/adwokat-faron.pl\/index.php\/doradztwo-prawne\/","title":{"rendered":"Doradztwo prawne"},"content":{"rendered":"\t\t<div data-elementor-type=\"wp-page\" data-elementor-id=\"164\" class=\"elementor elementor-164\" data-elementor-post-type=\"page\">\n\t\t\t\t<div class=\"elementor-element elementor-element-9019660 e-flex e-con-boxed e-con e-parent\" data-id=\"9019660\" data-element_type=\"container\" data-e-type=\"container\" data-settings=\"{&quot;background_background&quot;:&quot;classic&quot;}\">\n\t\t\t\t\t<div class=\"e-con-inner\">\n\t\t<div class=\"elementor-element elementor-element-b3170d9 e-con-full e-flex e-con e-child\" data-id=\"b3170d9\" data-element_type=\"container\" data-e-type=\"container\">\n\t\t\t\t<div class=\"elementor-element elementor-element-49536ad elementor-widget elementor-widget-heading\" data-id=\"49536ad\" data-element_type=\"widget\" data-e-type=\"widget\" data-widget_type=\"heading.default\">\n\t\t\t\t\t<h1 class=\"elementor-heading-title elementor-size-default\">Doradztwo prawne.<\/h1>\t\t\t\t<\/div>\n\t\t\t\t<div class=\"elementor-element elementor-element-899f0ce elementor-widget elementor-widget-text-editor\" data-id=\"899f0ce\" data-element_type=\"widget\" data-e-type=\"widget\" data-widget_type=\"text-editor.default\">\n\t\t\t\t\t\t\t\t\t<p data-start=\"333\" data-end=\"639\"><strong data-start=\"333\" data-end=\"424\">Czasem wystarczy jedno spotkanie, by rozwia\u0107 w\u0105tpliwo\u015bci i unikn\u0105\u0107 powa\u017cnych problem\u00f3w.<\/strong><br data-start=\"424\" data-end=\"427\" \/>Nie ka\u017cda sprawa wymaga procesu. Czasem potrzebujesz tylko jasnej odpowiedzi, dobrej strategii lub drugiego spojrzenia na sytuacj\u0119.<br data-start=\"558\" data-end=\"561\" \/><strong data-start=\"561\" data-end=\"639\">Doradztwo prawne to najlepszy spos\u00f3b, by dzia\u0142a\u0107 m\u0105drze i z wyprzedzeniem.<\/strong><\/p><p data-start=\"641\" data-end=\"654\">Pomagam, gdy:<\/p><p data-start=\"656\" data-end=\"925\">\u2013 chcesz zawrze\u0107 bezpieczn\u0105 umow\u0119,<br data-start=\"690\" data-end=\"693\" \/>\u2013 stoisz przed wa\u017cn\u0105 decyzj\u0105 i nie wiesz, jakie s\u0105 ryzyka,<br data-start=\"751\" data-end=\"754\" \/>\u2013 dosta\u0142e\u015b pismo z s\u0105du lub urz\u0119du i nie rozumiesz, co dalej,<br data-start=\"815\" data-end=\"818\" \/>\u2013 kto\u015b Ci grozi, naciska, przeci\u0105ga spraw\u0119,<br data-start=\"861\" data-end=\"864\" \/>\u2013 po prostu chcesz si\u0119 upewni\u0107, \u017ce dzia\u0142asz zgodnie z prawem.<\/p><p data-start=\"927\" data-end=\"1025\"><strong data-start=\"927\" data-end=\"986\">Zanim podpiszesz. Zanim odpowiesz. Zanim co\u015b pominiesz.<\/strong><br data-start=\"986\" data-end=\"989\" \/>Warto zapyta\u0107 \u2013 i dzia\u0142a\u0107 \u015bwiadomie.<\/p>\t\t\t\t\t\t\t\t<\/div>\n\t\t\t\t<div class=\"elementor-element elementor-element-e465bc4 elementor-hidden-desktop elementor-hidden-tablet elementor-widget-divider--view-line elementor-widget elementor-widget-divider\" data-id=\"e465bc4\" data-element_type=\"widget\" data-e-type=\"widget\" data-widget_type=\"divider.default\">\n\t\t\t\t\t\t\t<div class=\"elementor-divider\">\n\t\t\t<span class=\"elementor-divider-separator\">\n\t\t\t\t\t\t<\/span>\n\t\t<\/div>\n\t\t\t\t\t\t<\/div>\n\t\t\t\t<\/div>\n\t\t<div class=\"elementor-element elementor-element-9e3307e e-con-full e-flex e-con e-child\" data-id=\"9e3307e\" data-element_type=\"container\" data-e-type=\"container\" data-settings=\"{&quot;background_background&quot;:&quot;classic&quot;}\">\n\t\t\t\t<div class=\"elementor-element elementor-element-cd5f756 elementor-hidden-tablet elementor-hidden-mobile elementor-widget elementor-widget-text-editor\" data-id=\"cd5f756\" data-element_type=\"widget\" data-e-type=\"widget\" data-widget_type=\"text-editor.default\">\n\t\t\t\t\t\t\t\t\t<p data-start=\"1084\" data-end=\"1128\"><strong data-start=\"1084\" data-end=\"1126\">W ramach doradztwa prawnego oferuj\u0119:<\/strong><\/p><ul data-start=\"1130\" data-end=\"1656\"><li data-start=\"1130\" data-end=\"1231\"><p data-start=\"1132\" data-end=\"1231\"><strong data-start=\"1132\" data-end=\"1189\">Porady prawne w formie spotkania, telefonu lub online<\/strong><br data-start=\"1189\" data-end=\"1192\" \/>\u2192 wygodna forma dopasowana do Ciebie.<\/p><\/li><li data-start=\"1233\" data-end=\"1344\"><p data-start=\"1235\" data-end=\"1344\"><strong data-start=\"1235\" data-end=\"1282\">Analiz\u0119 um\u00f3w i dokument\u00f3w przed podpisaniem<\/strong><br data-start=\"1282\" data-end=\"1285\" \/>\u2192 wskazanie ryzyk, zapis\u00f3w niekorzystnych lub niejasnych.<\/p><\/li><li data-start=\"1346\" data-end=\"1414\"><p data-start=\"1348\" data-end=\"1414\"><strong data-start=\"1348\" data-end=\"1414\">Opiniowanie sytuacji prawnej i mo\u017cliwych scenariuszy dzia\u0142ania<\/strong><\/p><\/li><li data-start=\"1416\" data-end=\"1491\"><p data-start=\"1418\" data-end=\"1491\"><strong data-start=\"1418\" data-end=\"1491\">Przygotowanie lub weryfikacja pism, wniosk\u00f3w i odpowiedzi na wezwania<\/strong><\/p><\/li><li data-start=\"1493\" data-end=\"1545\"><p data-start=\"1495\" data-end=\"1545\"><strong data-start=\"1495\" data-end=\"1545\">Wsparcie prawne przy negocjacjach i mediacjach<\/strong><\/p><\/li><li data-start=\"1547\" data-end=\"1656\"><p data-start=\"1549\" data-end=\"1656\"><strong data-start=\"1549\" data-end=\"1602\">Sta\u0142e doradztwo prawne dla firm i os\u00f3b prywatnych<\/strong><br data-start=\"1602\" data-end=\"1605\" \/>\u2192 model abonamentowy lub jednorazowe konsultacje.<\/p><\/li><\/ul><hr data-start=\"1658\" data-end=\"1661\" \/><p data-start=\"1663\" data-end=\"1774\"><strong data-start=\"1663\" data-end=\"1720\">Masz w\u0105tpliwo\u015b\u0107? Nie czekaj, a\u017c zmieni si\u0119 w problem.<\/strong><br data-start=\"1720\" data-end=\"1723\" \/>Doradztwo to pierwszy krok do bezpiecznych decyzji.<\/p>\t\t\t\t\t\t\t\t<\/div>\n\t\t\t\t<div class=\"elementor-element elementor-element-3c3fc4d elementor-hidden-desktop elementor-hidden-tablet elementor-widget elementor-widget-text-editor\" data-id=\"3c3fc4d\" data-element_type=\"widget\" data-e-type=\"widget\" data-widget_type=\"text-editor.default\">\n\t\t\t\t\t\t\t\t\t<p data-start=\"1084\" data-end=\"1128\"><strong data-start=\"1084\" data-end=\"1126\">W ramach doradztwa prawnego oferuj\u0119:<\/strong><\/p><ul data-start=\"1130\" data-end=\"1656\"><li data-start=\"1130\" data-end=\"1231\"><p data-start=\"1132\" data-end=\"1231\"><strong data-start=\"1132\" data-end=\"1189\">Porady prawne w formie spotkania, telefonu lub online<\/strong><br data-start=\"1189\" data-end=\"1192\" \/>\u2192 wygodna forma dopasowana do Ciebie.<\/p><\/li><li data-start=\"1233\" data-end=\"1344\"><p data-start=\"1235\" data-end=\"1344\"><strong data-start=\"1235\" data-end=\"1282\">Analiz\u0119 um\u00f3w i dokument\u00f3w przed podpisaniem<\/strong><br data-start=\"1282\" data-end=\"1285\" \/>\u2192 wskazanie ryzyk, zapis\u00f3w niekorzystnych lub niejasnych.<\/p><\/li><li data-start=\"1346\" data-end=\"1414\"><p data-start=\"1348\" data-end=\"1414\"><strong data-start=\"1348\" data-end=\"1414\">Opiniowanie sytuacji prawnej i mo\u017cliwych scenariuszy dzia\u0142ania<\/strong><\/p><\/li><li data-start=\"1416\" data-end=\"1491\"><p data-start=\"1418\" data-end=\"1491\"><strong data-start=\"1418\" data-end=\"1491\">Przygotowanie lub weryfikacja pism, wniosk\u00f3w i odpowiedzi na wezwania<\/strong><\/p><\/li><li data-start=\"1493\" data-end=\"1545\"><p data-start=\"1495\" data-end=\"1545\"><strong data-start=\"1495\" data-end=\"1545\">Wsparcie prawne przy negocjacjach i mediacjach<\/strong><\/p><\/li><li data-start=\"1547\" data-end=\"1656\"><p data-start=\"1549\" data-end=\"1656\"><strong data-start=\"1549\" data-end=\"1602\">Sta\u0142e doradztwo prawne dla firm i os\u00f3b prywatnych<\/strong><br data-start=\"1602\" data-end=\"1605\" \/>\u2192 model abonamentowy lub jednorazowe konsultacje.<\/p><\/li><\/ul><hr data-start=\"1658\" data-end=\"1661\" \/><p data-start=\"1663\" data-end=\"1774\"><strong data-start=\"1663\" data-end=\"1720\">Masz w\u0105tpliwo\u015b\u0107? Nie czekaj, a\u017c zmieni si\u0119 w problem.<\/strong><br data-start=\"1720\" data-end=\"1723\" \/>Doradztwo to pierwszy krok do bezpiecznych decyzji.<\/p>\t\t\t\t\t\t\t\t<\/div>\n\t\t\t\t<\/div>\n\t\t\t\t\t<\/div>\n\t\t\t\t<\/div>\n\t\t\t\t<\/div>\n\t\t","protected":false},"excerpt":{"rendered":"<p>Doradztwo prawne. Czasem wystarczy jedno spotkanie, by rozwia\u0107 w\u0105tpliwo\u015bci i unikn\u0105\u0107 powa\u017cnych problem\u00f3w.Nie ka\u017cda sprawa wymaga procesu. Czasem potrzebujesz tylko jasnej odpowiedzi, dobrej strategii lub drugiego spojrzenia na sytuacj\u0119.Doradztwo prawne to najlepszy spos\u00f3b, by dzia\u0142a\u0107 m\u0105drze i z wyprzedzeniem. Pomagam, gdy: \u2013 chcesz zawrze\u0107 bezpieczn\u0105 umow\u0119,\u2013 stoisz przed wa\u017cn\u0105 decyzj\u0105 i nie wiesz, jakie s\u0105 [&hellip;]<\/p>\n","protected":false},"author":1,"featured_media":0,"parent":0,"menu_order":0,"comment_status":"closed","ping_status":"closed","template":"","meta":{"footnotes":""},"class_list":["post-164","page","type-page","status-publish","hentry"],"_links":{"self":[{"href":"https:\/\/adwokat-faron.pl\/index.php\/wp-json\/wp\/v2\/pages\/164","targetHints":{"allow":["GET"]}}],"collection":[{"href":"https:\/\/adwokat-faron.pl\/index.php\/wp-json\/wp\/v2\/pages"}],"about":[{"href":"https:\/\/adwokat-faron.pl\/index.php\/wp-json\/wp\/v2\/types\/page"}],"author":[{"embeddable":true,"href":"https:\/\/adwokat-faron.pl\/index.php\/wp-json\/wp\/v2\/users\/1"}],"replies":[{"embeddable":true,"href":"https:\/\/adwokat-faron.pl\/index.php\/wp-json\/wp\/v2\/comments?post=164"}],"version-history":[{"count":4,"href":"https:\/\/adwokat-faron.pl\/index.php\/wp-json\/wp\/v2\/pages\/164\/revisions"}],"predecessor-version":[{"id":168,"href":"https:\/\/adwokat-faron.pl\/index.php\/wp-json\/wp\/v2\/pages\/164\/revisions\/168"}],"wp:attachment":[{"href":"https:\/\/adwokat-faron.pl\/index.php\/wp-json\/wp\/v2\/media?parent=164"}],"curies":[{"name":"wp","href":"https:\/\/api.w.org\/{rel}","templated":true}]}}