{"id":155,"date":"2025-06-04T01:47:42","date_gmt":"2025-06-03T23:47:42","guid":{"rendered":"http:\/\/serwer362463.lh.pl\/autoinstalator\/serwer362463.lh.pl\/wordpress122337\/?page_id=155"},"modified":"2025-06-04T01:48:29","modified_gmt":"2025-06-03T23:48:29","slug":"prawo-spadkowe","status":"publish","type":"page","link":"https:\/\/adwokat-faron.pl\/index.php\/prawo-spadkowe\/","title":{"rendered":"Prawo spadkowe"},"content":{"rendered":"\t\t<div data-elementor-type=\"wp-page\" data-elementor-id=\"155\" class=\"elementor elementor-155\" data-elementor-post-type=\"page\">\n\t\t\t\t<div class=\"elementor-element elementor-element-285a087 e-flex e-con-boxed e-con e-parent\" data-id=\"285a087\" data-element_type=\"container\" data-e-type=\"container\" data-settings=\"{&quot;background_background&quot;:&quot;classic&quot;}\">\n\t\t\t\t\t<div class=\"e-con-inner\">\n\t\t<div class=\"elementor-element elementor-element-3899b81 e-con-full e-flex e-con e-child\" data-id=\"3899b81\" data-element_type=\"container\" data-e-type=\"container\">\n\t\t\t\t<div class=\"elementor-element elementor-element-7df14ed elementor-widget elementor-widget-heading\" data-id=\"7df14ed\" data-element_type=\"widget\" data-e-type=\"widget\" data-widget_type=\"heading.default\">\n\t\t\t\t\t<h1 class=\"elementor-heading-title elementor-size-default\">Prawo spadkowe.<\/h1>\t\t\t\t<\/div>\n\t\t\t\t<div class=\"elementor-element elementor-element-c22d4d0 elementor-widget elementor-widget-text-editor\" data-id=\"c22d4d0\" data-element_type=\"widget\" data-e-type=\"widget\" data-widget_type=\"text-editor.default\">\n\t\t\t\t\t\t\t\t\t<p data-start=\"357\" data-end=\"627\"><strong data-start=\"357\" data-end=\"414\">Sprawy spadkowe cz\u0119sto \u0142\u0105cz\u0105 emocje z formalno\u015bciami.<\/strong><br data-start=\"414\" data-end=\"417\" \/>Po \u015bmierci bliskiej osoby zostaj\u0105 nie tylko wspomnienia, ale i pytania: co dalej? Jak to uporz\u0105dkowa\u0107? Jak unikn\u0105\u0107 konflikt\u00f3w?<br data-start=\"543\" data-end=\"546\" \/><strong data-start=\"546\" data-end=\"627\">Pomagam przej\u015b\u0107 przez ten trudny czas spokojnie i z poczuciem bezpiecze\u0144stwa.<\/strong><\/p><p data-start=\"629\" data-end=\"645\">Towarzysz\u0119, gdy:<\/p><p data-start=\"647\" data-end=\"900\">\u2013 trzeba potwierdzi\u0107 prawa do spadku,<br data-start=\"684\" data-end=\"687\" \/>\u2013 pojawiaj\u0105 si\u0119 w\u0105tpliwo\u015bci wok\u00f3\u0142 testamentu,<br data-start=\"732\" data-end=\"735\" \/>\u2013 rodz\u0105 si\u0119 spory mi\u0119dzy spadkobiercami,<br data-start=\"775\" data-end=\"778\" \/>\u2013 chcesz zadba\u0107 o przysz\u0142o\u015b\u0107 swojej rodziny i uporz\u0105dkowa\u0107 maj\u0105tek za \u017cycia,<br data-start=\"854\" data-end=\"857\" \/>\u2013 walczysz o zachowek, kt\u00f3ry Ci si\u0119 nale\u017cy.<\/p><p data-start=\"902\" data-end=\"1046\"><strong data-start=\"902\" data-end=\"995\">Prawo spadkowe to nie tylko liczby i dokumenty \u2013 to r\u00f3wnie\u017c relacje, kt\u00f3re warto chroni\u0107.<\/strong><br data-start=\"995\" data-end=\"998\" \/>Dzia\u0142am z szacunkiem, dyskrecj\u0105 i skuteczno\u015bci\u0105.<\/p>\t\t\t\t\t\t\t\t<\/div>\n\t\t\t\t<div class=\"elementor-element elementor-element-fb2f588 elementor-hidden-desktop elementor-hidden-tablet elementor-widget-divider--view-line elementor-widget elementor-widget-divider\" data-id=\"fb2f588\" data-element_type=\"widget\" data-e-type=\"widget\" data-widget_type=\"divider.default\">\n\t\t\t\t\t\t\t<div class=\"elementor-divider\">\n\t\t\t<span class=\"elementor-divider-separator\">\n\t\t\t\t\t\t<\/span>\n\t\t<\/div>\n\t\t\t\t\t\t<\/div>\n\t\t\t\t<\/div>\n\t\t<div class=\"elementor-element elementor-element-cb3471e e-con-full e-flex e-con e-child\" data-id=\"cb3471e\" data-element_type=\"container\" data-e-type=\"container\" data-settings=\"{&quot;background_background&quot;:&quot;classic&quot;}\">\n\t\t\t\t<div class=\"elementor-element elementor-element-f36a578 elementor-hidden-tablet elementor-hidden-mobile elementor-widget elementor-widget-text-editor\" data-id=\"f36a578\" data-element_type=\"widget\" data-e-type=\"widget\" data-widget_type=\"text-editor.default\">\n\t\t\t\t\t\t\t\t\t<p data-start=\"1105\" data-end=\"1155\"><strong data-start=\"1105\" data-end=\"1153\">Zakres mojej pomocy w sprawach spadkowych:<\/strong><\/p><ul data-start=\"1157\" data-end=\"1718\"><li data-start=\"1157\" data-end=\"1270\"><p data-start=\"1159\" data-end=\"1270\"><strong data-start=\"1159\" data-end=\"1190\">Stwierdzenie nabycia spadku<\/strong><br data-start=\"1190\" data-end=\"1193\" \/>\u2192 reprezentacja w s\u0105dzie, kompletowanie dokument\u00f3w, pomoc w formalno\u015bciach.<\/p><\/li><li data-start=\"1272\" data-end=\"1383\"><p data-start=\"1274\" data-end=\"1383\"><strong data-start=\"1274\" data-end=\"1318\">Dzia\u0142 spadku i zniesienie wsp\u00f3\u0142w\u0142asno\u015bci<\/strong><br data-start=\"1318\" data-end=\"1321\" \/>\u2192 negocjacje mi\u0119dzy spadkobiercami, reprezentacja w sporach.<\/p><\/li><li data-start=\"1385\" data-end=\"1476\"><p data-start=\"1387\" data-end=\"1476\"><strong data-start=\"1387\" data-end=\"1399\">Zachowek<\/strong><br data-start=\"1399\" data-end=\"1402\" \/>\u2192 dochodzenie roszcze\u0144 pieni\u0119\u017cnych, obrona przed roszczeniem o zachowek.<\/p><\/li><li data-start=\"1478\" data-end=\"1590\"><p data-start=\"1480\" data-end=\"1590\"><strong data-start=\"1480\" data-end=\"1516\">Testamenty i planowanie spadkowe<\/strong><br data-start=\"1516\" data-end=\"1519\" \/>\u2192 sporz\u0105dzanie testament\u00f3w, doradztwo przy podziale maj\u0105tku za \u017cycia.<\/p><\/li><li data-start=\"1592\" data-end=\"1652\"><p data-start=\"1594\" data-end=\"1652\"><strong data-start=\"1594\" data-end=\"1652\">Odrzucenie spadku i odpowiedzialno\u015b\u0107 za d\u0142ugi spadkowe<\/strong><\/p><\/li><li data-start=\"1654\" data-end=\"1718\"><p data-start=\"1656\" data-end=\"1718\"><strong data-start=\"1656\" data-end=\"1718\">Uniewa\u017cnienie testamentu lub zakwestionowanie spadkobrania<\/strong><\/p><\/li><\/ul><hr data-start=\"1720\" data-end=\"1723\" \/><p data-start=\"1725\" data-end=\"1863\"><strong data-start=\"1725\" data-end=\"1772\">Masz pytania dotycz\u0105ce spadku? Nie zwlekaj.<\/strong><br data-start=\"1772\" data-end=\"1775\" \/>Skontaktuj si\u0119 \u2013 wsp\u00f3lnie znajdziemy najlepsze rozwi\u0105zanie dla Ciebie i Twoich bliskich.<\/p>\t\t\t\t\t\t\t\t<\/div>\n\t\t\t\t<div class=\"elementor-element elementor-element-55df72d elementor-hidden-desktop elementor-hidden-tablet elementor-widget elementor-widget-text-editor\" data-id=\"55df72d\" data-element_type=\"widget\" data-e-type=\"widget\" data-widget_type=\"text-editor.default\">\n\t\t\t\t\t\t\t\t\t<p data-start=\"1105\" data-end=\"1155\"><strong data-start=\"1105\" data-end=\"1153\">Zakres mojej pomocy w sprawach spadkowych:<\/strong><\/p><ul data-start=\"1157\" data-end=\"1718\"><li data-start=\"1157\" data-end=\"1270\"><p data-start=\"1159\" data-end=\"1270\"><strong data-start=\"1159\" data-end=\"1190\">Stwierdzenie nabycia spadku<\/strong><br data-start=\"1190\" data-end=\"1193\" \/>\u2192 reprezentacja w s\u0105dzie, kompletowanie dokument\u00f3w, pomoc w formalno\u015bciach.<\/p><\/li><li data-start=\"1272\" data-end=\"1383\"><p data-start=\"1274\" data-end=\"1383\"><strong data-start=\"1274\" data-end=\"1318\">Dzia\u0142 spadku i zniesienie wsp\u00f3\u0142w\u0142asno\u015bci<\/strong><br data-start=\"1318\" data-end=\"1321\" \/>\u2192 negocjacje mi\u0119dzy spadkobiercami, reprezentacja w sporach.<\/p><\/li><li data-start=\"1385\" data-end=\"1476\"><p data-start=\"1387\" data-end=\"1476\"><strong data-start=\"1387\" data-end=\"1399\">Zachowek<\/strong><br data-start=\"1399\" data-end=\"1402\" \/>\u2192 dochodzenie roszcze\u0144 pieni\u0119\u017cnych, obrona przed roszczeniem o zachowek.<\/p><\/li><li data-start=\"1478\" data-end=\"1590\"><p data-start=\"1480\" data-end=\"1590\"><strong data-start=\"1480\" data-end=\"1516\">Testamenty i planowanie spadkowe<\/strong><br data-start=\"1516\" data-end=\"1519\" \/>\u2192 sporz\u0105dzanie testament\u00f3w, doradztwo przy podziale maj\u0105tku za \u017cycia.<\/p><\/li><li data-start=\"1592\" data-end=\"1652\"><p data-start=\"1594\" data-end=\"1652\"><strong data-start=\"1594\" data-end=\"1652\">Odrzucenie spadku i odpowiedzialno\u015b\u0107 za d\u0142ugi spadkowe<\/strong><\/p><\/li><li data-start=\"1654\" data-end=\"1718\"><p data-start=\"1656\" data-end=\"1718\"><strong data-start=\"1656\" data-end=\"1718\">Uniewa\u017cnienie testamentu lub zakwestionowanie spadkobrania<\/strong><\/p><\/li><\/ul><hr data-start=\"1720\" data-end=\"1723\" \/><p data-start=\"1725\" data-end=\"1863\"><strong data-start=\"1725\" data-end=\"1772\">Masz pytania dotycz\u0105ce spadku? Nie zwlekaj.<\/strong><br data-start=\"1772\" data-end=\"1775\" \/>Skontaktuj si\u0119 \u2013 wsp\u00f3lnie znajdziemy najlepsze rozwi\u0105zanie dla Ciebie i Twoich bliskich.<\/p>\t\t\t\t\t\t\t\t<\/div>\n\t\t\t\t<\/div>\n\t\t\t\t\t<\/div>\n\t\t\t\t<\/div>\n\t\t\t\t<\/div>\n\t\t","protected":false},"excerpt":{"rendered":"<p>Prawo spadkowe. Sprawy spadkowe cz\u0119sto \u0142\u0105cz\u0105 emocje z formalno\u015bciami.Po \u015bmierci bliskiej osoby zostaj\u0105 nie tylko wspomnienia, ale i pytania: co dalej? Jak to uporz\u0105dkowa\u0107? Jak unikn\u0105\u0107 konflikt\u00f3w?Pomagam przej\u015b\u0107 przez ten trudny czas spokojnie i z poczuciem bezpiecze\u0144stwa. Towarzysz\u0119, gdy: \u2013 trzeba potwierdzi\u0107 prawa do spadku,\u2013 pojawiaj\u0105 si\u0119 w\u0105tpliwo\u015bci wok\u00f3\u0142 testamentu,\u2013 rodz\u0105 si\u0119 spory mi\u0119dzy spadkobiercami,\u2013 [&hellip;]<\/p>\n","protected":false},"author":1,"featured_media":0,"parent":0,"menu_order":0,"comment_status":"closed","ping_status":"closed","template":"","meta":{"footnotes":""},"class_list":["post-155","page","type-page","status-publish","hentry"],"_links":{"self":[{"href":"https:\/\/adwokat-faron.pl\/index.php\/wp-json\/wp\/v2\/pages\/155","targetHints":{"allow":["GET"]}}],"collection":[{"href":"https:\/\/adwokat-faron.pl\/index.php\/wp-json\/wp\/v2\/pages"}],"about":[{"href":"https:\/\/adwokat-faron.pl\/index.php\/wp-json\/wp\/v2\/types\/page"}],"author":[{"embeddable":true,"href":"https:\/\/adwokat-faron.pl\/index.php\/wp-json\/wp\/v2\/users\/1"}],"replies":[{"embeddable":true,"href":"https:\/\/adwokat-faron.pl\/index.php\/wp-json\/wp\/v2\/comments?post=155"}],"version-history":[{"count":4,"href":"https:\/\/adwokat-faron.pl\/index.php\/wp-json\/wp\/v2\/pages\/155\/revisions"}],"predecessor-version":[{"id":159,"href":"https:\/\/adwokat-faron.pl\/index.php\/wp-json\/wp\/v2\/pages\/155\/revisions\/159"}],"wp:attachment":[{"href":"https:\/\/adwokat-faron.pl\/index.php\/wp-json\/wp\/v2\/media?parent=155"}],"curies":[{"name":"wp","href":"https:\/\/api.w.org\/{rel}","templated":true}]}}