{"id":148,"date":"2025-06-04T01:46:32","date_gmt":"2025-06-03T23:46:32","guid":{"rendered":"http:\/\/serwer362463.lh.pl\/autoinstalator\/serwer362463.lh.pl\/wordpress122337\/?page_id=148"},"modified":"2025-06-04T01:47:14","modified_gmt":"2025-06-03T23:47:14","slug":"prawo-karne","status":"publish","type":"page","link":"https:\/\/adwokat-faron.pl\/index.php\/prawo-karne\/","title":{"rendered":"Prawo karne"},"content":{"rendered":"\t\t<div data-elementor-type=\"wp-page\" data-elementor-id=\"148\" class=\"elementor elementor-148\" data-elementor-post-type=\"page\">\n\t\t\t\t<div class=\"elementor-element elementor-element-28537a6 e-flex e-con-boxed e-con e-parent\" data-id=\"28537a6\" data-element_type=\"container\" data-e-type=\"container\" data-settings=\"{&quot;background_background&quot;:&quot;classic&quot;}\">\n\t\t\t\t\t<div class=\"e-con-inner\">\n\t\t<div class=\"elementor-element elementor-element-193bf40 e-con-full e-flex e-con e-child\" data-id=\"193bf40\" data-element_type=\"container\" data-e-type=\"container\">\n\t\t\t\t<div class=\"elementor-element elementor-element-45d888e elementor-widget elementor-widget-heading\" data-id=\"45d888e\" data-element_type=\"widget\" data-e-type=\"widget\" data-widget_type=\"heading.default\">\n\t\t\t\t\t<h1 class=\"elementor-heading-title elementor-size-default\">Prawo karne.<\/h1>\t\t\t\t<\/div>\n\t\t\t\t<div class=\"elementor-element elementor-element-219c5cf elementor-widget elementor-widget-text-editor\" data-id=\"219c5cf\" data-element_type=\"widget\" data-e-type=\"widget\" data-widget_type=\"text-editor.default\">\n\t\t\t\t\t\t\t\t\t<p data-start=\"262\" data-end=\"579\"><strong data-start=\"262\" data-end=\"378\">Prawo karne to dziedzina, gdzie stawk\u0105 jest nie tylko wolno\u015b\u0107, ale cz\u0119sto tak\u017ce dobre imi\u0119, przysz\u0142o\u015b\u0107 i spok\u00f3j.<\/strong><br data-start=\"378\" data-end=\"381\" \/>Ka\u017cda sprawa karna wymaga szybkiego dzia\u0142ania, precyzyjnej analizy i pe\u0142nego zaanga\u017cowania.<br data-start=\"472\" data-end=\"475\" \/><strong data-start=\"475\" data-end=\"579\">Dla mnie nie ma sytuacji z g\u00f3ry przegranych \u2013 s\u0105 tylko takie, kt\u00f3re wymagaj\u0105 odwagi i do\u015bwiadczenia.<\/strong><\/p><p data-start=\"581\" data-end=\"594\">Pomagam, gdy:<\/p><p data-start=\"596\" data-end=\"882\">\u2013 grozi Ci post\u0119powanie karne lub w\u0142a\u015bnie zosta\u0142o wszcz\u0119te,<br data-start=\"655\" data-end=\"658\" \/>\u2013 zosta\u0142e\u015b wezwany na przes\u0142uchanie lub jako podejrzany,<br data-start=\"714\" data-end=\"717\" \/>\u2013 bliska osoba zosta\u0142a zatrzymana lub tymczasowo aresztowana,<br data-start=\"778\" data-end=\"781\" \/>\u2013 chcesz z\u0142o\u017cy\u0107 zawiadomienie o przest\u0119pstwie,<br data-start=\"827\" data-end=\"830\" \/>\u2013 potrzebujesz obrony, kt\u00f3rej mo\u017cesz w pe\u0142ni zaufa\u0107.<\/p><p data-start=\"884\" data-end=\"997\"><strong data-start=\"884\" data-end=\"944\">Reprezentuj\u0119, doradzam i broni\u0119 \u2013 skutecznie i lojalnie.<\/strong><br data-start=\"944\" data-end=\"947\" \/>Zawsze zgodnie z Twoim interesem, nigdy na skr\u00f3ty.<\/p>\t\t\t\t\t\t\t\t<\/div>\n\t\t\t\t<div class=\"elementor-element elementor-element-a7da738 elementor-hidden-desktop elementor-hidden-tablet elementor-widget-divider--view-line elementor-widget elementor-widget-divider\" data-id=\"a7da738\" data-element_type=\"widget\" data-e-type=\"widget\" data-widget_type=\"divider.default\">\n\t\t\t\t\t\t\t<div class=\"elementor-divider\">\n\t\t\t<span class=\"elementor-divider-separator\">\n\t\t\t\t\t\t<\/span>\n\t\t<\/div>\n\t\t\t\t\t\t<\/div>\n\t\t\t\t<\/div>\n\t\t<div class=\"elementor-element elementor-element-854f240 e-con-full e-flex e-con e-child\" data-id=\"854f240\" data-element_type=\"container\" data-e-type=\"container\" data-settings=\"{&quot;background_background&quot;:&quot;classic&quot;}\">\n\t\t\t\t<div class=\"elementor-element elementor-element-aba8051 elementor-hidden-tablet elementor-hidden-mobile elementor-widget elementor-widget-text-editor\" data-id=\"aba8051\" data-element_type=\"widget\" data-e-type=\"widget\" data-widget_type=\"text-editor.default\">\n\t\t\t\t\t\t\t\t\t<p data-start=\"1056\" data-end=\"1103\"><strong data-start=\"1056\" data-end=\"1101\">Zakres mojej pomocy w sprawach karnych:<\/strong><\/p><ul data-start=\"1105\" data-end=\"1690\"><li data-start=\"1105\" data-end=\"1236\"><p data-start=\"1107\" data-end=\"1236\"><strong data-start=\"1107\" data-end=\"1158\">Obrona w post\u0119powaniu przygotowawczym i s\u0105dowym<\/strong><br data-start=\"1158\" data-end=\"1161\" \/>\u2192 na ka\u017cdym etapie: od zatrzymania, przez akt oskar\u017cenia, a\u017c po apelacj\u0119.<\/p><\/li><li data-start=\"1238\" data-end=\"1357\"><p data-start=\"1240\" data-end=\"1357\"><strong data-start=\"1240\" data-end=\"1279\">Sprawy o przest\u0119pstwa i wykroczenia<\/strong><br data-start=\"1279\" data-end=\"1282\" \/>\u2192 kradzie\u017ce, oszustwa, pobicia, gro\u017aby, znies\u0142awienia, jazda pod wp\u0142ywem.<\/p><\/li><li data-start=\"1359\" data-end=\"1480\"><p data-start=\"1361\" data-end=\"1480\"><strong data-start=\"1361\" data-end=\"1402\">Zatrzymanie i tymczasowe aresztowanie<\/strong><br data-start=\"1402\" data-end=\"1405\" \/>\u2192 szybka reakcja, wnioski o uchylenie lub zamian\u0119 \u015brodka zapobiegawczego.<\/p><\/li><li data-start=\"1482\" data-end=\"1589\"><p data-start=\"1484\" data-end=\"1589\"><strong data-start=\"1484\" data-end=\"1516\">Reprezentacja pokrzywdzonych<\/strong><br data-start=\"1516\" data-end=\"1519\" \/>\u2192 sk\u0142adanie zawiadomie\u0144, oskar\u017cenie posi\u0142kowe, dochodzenie roszcze\u0144.<\/p><\/li><li data-start=\"1591\" data-end=\"1690\"><p data-start=\"1593\" data-end=\"1690\"><strong data-start=\"1593\" data-end=\"1620\">Post\u0119powania wykonawcze<\/strong><br data-start=\"1620\" data-end=\"1623\" \/>\u2192 odroczenie kary, przerwa w odbywaniu kary, doz\u00f3r elektroniczny.<\/p><\/li><\/ul><hr data-start=\"1692\" data-end=\"1695\" \/><p data-start=\"1697\" data-end=\"1829\"><strong data-start=\"1697\" data-end=\"1744\">W sprawach karnych nie ma czasu na wahanie.<\/strong><br data-start=\"1744\" data-end=\"1747\" \/>Skontaktuj si\u0119 ze mn\u0105 \u2013 im szybciej zaczniemy dzia\u0142a\u0107, tym wi\u0119cej mo\u017cemy osi\u0105gn\u0105\u0107.<\/p>\t\t\t\t\t\t\t\t<\/div>\n\t\t\t\t<div class=\"elementor-element elementor-element-3eb06e2 elementor-hidden-desktop elementor-hidden-tablet elementor-widget elementor-widget-text-editor\" data-id=\"3eb06e2\" data-element_type=\"widget\" data-e-type=\"widget\" data-widget_type=\"text-editor.default\">\n\t\t\t\t\t\t\t\t\t<p data-start=\"1056\" data-end=\"1103\"><strong data-start=\"1056\" data-end=\"1101\">Zakres mojej pomocy w sprawach karnych:<\/strong><\/p><ul data-start=\"1105\" data-end=\"1690\"><li data-start=\"1105\" data-end=\"1236\"><p data-start=\"1107\" data-end=\"1236\"><strong data-start=\"1107\" data-end=\"1158\">Obrona w post\u0119powaniu przygotowawczym i s\u0105dowym<\/strong><br data-start=\"1158\" data-end=\"1161\" \/>\u2192 na ka\u017cdym etapie: od zatrzymania, przez akt oskar\u017cenia, a\u017c po apelacj\u0119.<\/p><\/li><li data-start=\"1238\" data-end=\"1357\"><p data-start=\"1240\" data-end=\"1357\"><strong data-start=\"1240\" data-end=\"1279\">Sprawy o przest\u0119pstwa i wykroczenia<\/strong><br data-start=\"1279\" data-end=\"1282\" \/>\u2192 kradzie\u017ce, oszustwa, pobicia, gro\u017aby, znies\u0142awienia, jazda pod wp\u0142ywem.<\/p><\/li><li data-start=\"1359\" data-end=\"1480\"><p data-start=\"1361\" data-end=\"1480\"><strong data-start=\"1361\" data-end=\"1402\">Zatrzymanie i tymczasowe aresztowanie<\/strong><br data-start=\"1402\" data-end=\"1405\" \/>\u2192 szybka reakcja, wnioski o uchylenie lub zamian\u0119 \u015brodka zapobiegawczego.<\/p><\/li><li data-start=\"1482\" data-end=\"1589\"><p data-start=\"1484\" data-end=\"1589\"><strong data-start=\"1484\" data-end=\"1516\">Reprezentacja pokrzywdzonych<\/strong><br data-start=\"1516\" data-end=\"1519\" \/>\u2192 sk\u0142adanie zawiadomie\u0144, oskar\u017cenie posi\u0142kowe, dochodzenie roszcze\u0144.<\/p><\/li><li data-start=\"1591\" data-end=\"1690\"><p data-start=\"1593\" data-end=\"1690\"><strong data-start=\"1593\" data-end=\"1620\">Post\u0119powania wykonawcze<\/strong><br data-start=\"1620\" data-end=\"1623\" \/>\u2192 odroczenie kary, przerwa w odbywaniu kary, doz\u00f3r elektroniczny.<\/p><\/li><\/ul><hr data-start=\"1692\" data-end=\"1695\" \/><p data-start=\"1697\" data-end=\"1829\"><strong data-start=\"1697\" data-end=\"1744\">W sprawach karnych nie ma czasu na wahanie.<\/strong><br data-start=\"1744\" data-end=\"1747\" \/>Skontaktuj si\u0119 ze mn\u0105 \u2013 im szybciej zaczniemy dzia\u0142a\u0107, tym wi\u0119cej mo\u017cemy osi\u0105gn\u0105\u0107.<\/p>\t\t\t\t\t\t\t\t<\/div>\n\t\t\t\t<\/div>\n\t\t\t\t\t<\/div>\n\t\t\t\t<\/div>\n\t\t\t\t<\/div>\n\t\t","protected":false},"excerpt":{"rendered":"<p>Prawo karne. Prawo karne to dziedzina, gdzie stawk\u0105 jest nie tylko wolno\u015b\u0107, ale cz\u0119sto tak\u017ce dobre imi\u0119, przysz\u0142o\u015b\u0107 i spok\u00f3j.Ka\u017cda sprawa karna wymaga szybkiego dzia\u0142ania, precyzyjnej analizy i pe\u0142nego zaanga\u017cowania.Dla mnie nie ma sytuacji z g\u00f3ry przegranych \u2013 s\u0105 tylko takie, kt\u00f3re wymagaj\u0105 odwagi i do\u015bwiadczenia. Pomagam, gdy: \u2013 grozi Ci post\u0119powanie karne lub w\u0142a\u015bnie [&hellip;]<\/p>\n","protected":false},"author":1,"featured_media":0,"parent":0,"menu_order":0,"comment_status":"closed","ping_status":"closed","template":"","meta":{"footnotes":""},"class_list":["post-148","page","type-page","status-publish","hentry"],"_links":{"self":[{"href":"https:\/\/adwokat-faron.pl\/index.php\/wp-json\/wp\/v2\/pages\/148","targetHints":{"allow":["GET"]}}],"collection":[{"href":"https:\/\/adwokat-faron.pl\/index.php\/wp-json\/wp\/v2\/pages"}],"about":[{"href":"https:\/\/adwokat-faron.pl\/index.php\/wp-json\/wp\/v2\/types\/page"}],"author":[{"embeddable":true,"href":"https:\/\/adwokat-faron.pl\/index.php\/wp-json\/wp\/v2\/users\/1"}],"replies":[{"embeddable":true,"href":"https:\/\/adwokat-faron.pl\/index.php\/wp-json\/wp\/v2\/comments?post=148"}],"version-history":[{"count":4,"href":"https:\/\/adwokat-faron.pl\/index.php\/wp-json\/wp\/v2\/pages\/148\/revisions"}],"predecessor-version":[{"id":152,"href":"https:\/\/adwokat-faron.pl\/index.php\/wp-json\/wp\/v2\/pages\/148\/revisions\/152"}],"wp:attachment":[{"href":"https:\/\/adwokat-faron.pl\/index.php\/wp-json\/wp\/v2\/media?parent=148"}],"curies":[{"name":"wp","href":"https:\/\/api.w.org\/{rel}","templated":true}]}}