{"id":139,"date":"2025-06-04T01:40:28","date_gmt":"2025-06-03T23:40:28","guid":{"rendered":"http:\/\/serwer362463.lh.pl\/autoinstalator\/serwer362463.lh.pl\/wordpress122337\/?page_id=139"},"modified":"2025-06-04T01:46:22","modified_gmt":"2025-06-03T23:46:22","slug":"prawo-cywilne","status":"publish","type":"page","link":"https:\/\/adwokat-faron.pl\/index.php\/prawo-cywilne\/","title":{"rendered":"Prawo cywilne"},"content":{"rendered":"\t\t<div data-elementor-type=\"wp-page\" data-elementor-id=\"139\" class=\"elementor elementor-139\" data-elementor-post-type=\"page\">\n\t\t\t\t<div class=\"elementor-element elementor-element-7e9e62f e-flex e-con-boxed e-con e-parent\" data-id=\"7e9e62f\" data-element_type=\"container\" data-e-type=\"container\" data-settings=\"{&quot;background_background&quot;:&quot;classic&quot;}\">\n\t\t\t\t\t<div class=\"e-con-inner\">\n\t\t<div class=\"elementor-element elementor-element-116be09 e-con-full e-flex e-con e-child\" data-id=\"116be09\" data-element_type=\"container\" data-e-type=\"container\">\n\t\t\t\t<div class=\"elementor-element elementor-element-e183e71 elementor-widget elementor-widget-heading\" data-id=\"e183e71\" data-element_type=\"widget\" data-e-type=\"widget\" data-widget_type=\"heading.default\">\n\t\t\t\t\t<h1 class=\"elementor-heading-title elementor-size-default\">Prawo cywilne.<\/h1>\t\t\t\t<\/div>\n\t\t\t\t<div class=\"elementor-element elementor-element-1c298dd elementor-widget elementor-widget-text-editor\" data-id=\"1c298dd\" data-element_type=\"widget\" data-e-type=\"widget\" data-widget_type=\"text-editor.default\">\n\t\t\t\t\t\t\t\t\t<p data-start=\"227\" data-end=\"470\"><strong data-start=\"227\" data-end=\"306\">Prawo cywilne to fundament relacji mi\u0119dzy lud\u017ami \u2013 prywatnych i zawodowych.<\/strong><br data-start=\"306\" data-end=\"309\" \/>Z pozoru proste sprawy cz\u0119sto wymagaj\u0105 precyzji, wiedzy i do\u015bwiadczenia.<br data-start=\"381\" data-end=\"384\" \/><strong data-start=\"384\" data-end=\"470\">Pomagam, gdy kto\u015b nie dotrzyma\u0142 umowy, nie chce zap\u0142aci\u0107 lub naruszy\u0142 Twoje prawa.<\/strong><\/p><p data-start=\"472\" data-end=\"497\">Dzia\u0142am na Twoj\u0105 korzy\u015b\u0107:<\/p><p data-start=\"499\" data-end=\"791\">\u2013 gdy walczysz o odszkodowanie lub zwrot pieni\u0119dzy,<br data-start=\"550\" data-end=\"553\" \/>\u2013 gdy s\u0105siad przekracza granice \u2013 dos\u0142ownie i prawnie,<br data-start=\"607\" data-end=\"610\" \/>\u2013 gdy musisz podzieli\u0107 maj\u0105tek lub odzyska\u0107 nale\u017cno\u015b\u0107,<br data-start=\"664\" data-end=\"667\" \/>\u2013 gdy chcesz mie\u0107 pewno\u015b\u0107, \u017ce umowa naprawd\u0119 Ci\u0119 chroni,<br data-start=\"723\" data-end=\"726\" \/>\u2013 gdy sp\u00f3r wisi w powietrzu, a Ty wolisz dzia\u0142a\u0107 z wyprzedzeniem.<\/p><p data-start=\"793\" data-end=\"902\"><strong data-start=\"793\" data-end=\"850\">Nie obiecuj\u0119 cud\u00f3w \u2013 proponuj\u0119 konkretne rozwi\u0105zania.<\/strong><br data-start=\"850\" data-end=\"853\" \/>Bez zb\u0119dnych s\u0142\u00f3w, za to z pe\u0142nym zaanga\u017cowaniem.<\/p>\t\t\t\t\t\t\t\t<\/div>\n\t\t\t\t<div class=\"elementor-element elementor-element-887480e elementor-hidden-desktop elementor-hidden-tablet elementor-widget-divider--view-line elementor-widget elementor-widget-divider\" data-id=\"887480e\" data-element_type=\"widget\" data-e-type=\"widget\" data-widget_type=\"divider.default\">\n\t\t\t\t\t\t\t<div class=\"elementor-divider\">\n\t\t\t<span class=\"elementor-divider-separator\">\n\t\t\t\t\t\t<\/span>\n\t\t<\/div>\n\t\t\t\t\t\t<\/div>\n\t\t\t\t<\/div>\n\t\t<div class=\"elementor-element elementor-element-a4837e6 e-con-full e-flex e-con e-child\" data-id=\"a4837e6\" data-element_type=\"container\" data-e-type=\"container\" data-settings=\"{&quot;background_background&quot;:&quot;classic&quot;}\">\n\t\t\t\t<div class=\"elementor-element elementor-element-6dccdc8 elementor-hidden-tablet elementor-hidden-mobile elementor-widget elementor-widget-text-editor\" data-id=\"6dccdc8\" data-element_type=\"widget\" data-e-type=\"widget\" data-widget_type=\"text-editor.default\">\n\t\t\t\t\t\t\t\t\t<p data-start=\"961\" data-end=\"1010\"><strong data-start=\"961\" data-end=\"1008\">Zakres mojej pomocy w sprawach cywilnych:<\/strong><\/p><ul data-start=\"1012\" data-end=\"1565\"><li data-start=\"1012\" data-end=\"1118\"><p data-start=\"1014\" data-end=\"1118\"><strong data-start=\"1014\" data-end=\"1057\">Spory o zap\u0142at\u0119 i windykacja nale\u017cno\u015bci<\/strong><br data-start=\"1057\" data-end=\"1060\" \/>\u2192 wezwania, pozwy, zabezpieczenia, egzekucja komornicza.<\/p><\/li><li data-start=\"1120\" data-end=\"1231\"><p data-start=\"1122\" data-end=\"1231\"><strong data-start=\"1122\" data-end=\"1158\">Odszkodowania i zado\u015b\u0107uczynienia<\/strong><br data-start=\"1158\" data-end=\"1161\" \/>\u2192 szkody osobowe i maj\u0105tkowe, wypadki komunikacyjne, b\u0142\u0119dy medyczne.<\/p><\/li><li data-start=\"1233\" data-end=\"1324\"><p data-start=\"1235\" data-end=\"1324\"><strong data-start=\"1235\" data-end=\"1259\">Umowy i zobowi\u0105zania<\/strong><br data-start=\"1259\" data-end=\"1262\" \/>\u2192 tworzenie, analiza, ochrona przed niekorzystnymi zapisami.<\/p><\/li><li data-start=\"1326\" data-end=\"1385\"><p data-start=\"1328\" data-end=\"1385\"><strong data-start=\"1328\" data-end=\"1385\">Zasiedzenie, wsp\u00f3\u0142w\u0142asno\u015b\u0107, zniesienie wsp\u00f3\u0142w\u0142asno\u015bci<\/strong><\/p><\/li><li data-start=\"1387\" data-end=\"1469\"><p data-start=\"1389\" data-end=\"1469\"><strong data-start=\"1389\" data-end=\"1423\">Sprawy spadkowe i testamentowe<\/strong><br data-start=\"1423\" data-end=\"1426\" \/>\u2192 nabycie spadku, zachowek, dzia\u0142 spadku.<\/p><\/li><li data-start=\"1471\" data-end=\"1565\"><p data-start=\"1473\" data-end=\"1565\"><strong data-start=\"1473\" data-end=\"1500\">Ochrona d\u00f3br osobistych<\/strong><br data-start=\"1500\" data-end=\"1503\" \/>\u2192 znies\u0142awienie, naruszenie wizerunku, bezprawne publikacje.<\/p><\/li><\/ul><hr data-start=\"1567\" data-end=\"1570\" \/><p data-start=\"1572\" data-end=\"1696\"><strong data-start=\"1572\" data-end=\"1615\">Potrzebujesz pomocy w sprawie cywilnej?<\/strong><br data-start=\"1615\" data-end=\"1618\" \/>Zadzwo\u0144 lub napisz \u2013 wszystko Ci wyja\u015bni\u0119 i zaproponuj\u0119 najlepsze rozwi\u0105zanie.<\/p>\t\t\t\t\t\t\t\t<\/div>\n\t\t\t\t<div class=\"elementor-element elementor-element-474a071 elementor-hidden-desktop elementor-hidden-tablet elementor-widget elementor-widget-text-editor\" data-id=\"474a071\" data-element_type=\"widget\" data-e-type=\"widget\" data-widget_type=\"text-editor.default\">\n\t\t\t\t\t\t\t\t\t<p data-start=\"961\" data-end=\"1010\"><strong data-start=\"961\" data-end=\"1008\">\u27a4 Zakres mojej pomocy w sprawach cywilnych:<\/strong><\/p><ul data-start=\"1012\" data-end=\"1565\"><li data-start=\"1012\" data-end=\"1118\"><p data-start=\"1014\" data-end=\"1118\"><strong data-start=\"1014\" data-end=\"1057\">Spory o zap\u0142at\u0119 i windykacja nale\u017cno\u015bci<\/strong><br data-start=\"1057\" data-end=\"1060\" \/>\u2192 wezwania, pozwy, zabezpieczenia, egzekucja komornicza.<\/p><\/li><li data-start=\"1120\" data-end=\"1231\"><p data-start=\"1122\" data-end=\"1231\"><strong data-start=\"1122\" data-end=\"1158\">Odszkodowania i zado\u015b\u0107uczynienia<\/strong><br data-start=\"1158\" data-end=\"1161\" \/>\u2192 szkody osobowe i maj\u0105tkowe, wypadki komunikacyjne, b\u0142\u0119dy medyczne.<\/p><\/li><li data-start=\"1233\" data-end=\"1324\"><p data-start=\"1235\" data-end=\"1324\"><strong data-start=\"1235\" data-end=\"1259\">Umowy i zobowi\u0105zania<\/strong><br data-start=\"1259\" data-end=\"1262\" \/>\u2192 tworzenie, analiza, ochrona przed niekorzystnymi zapisami.<\/p><\/li><li data-start=\"1326\" data-end=\"1385\"><p data-start=\"1328\" data-end=\"1385\"><strong data-start=\"1328\" data-end=\"1385\">Zasiedzenie, wsp\u00f3\u0142w\u0142asno\u015b\u0107, zniesienie wsp\u00f3\u0142w\u0142asno\u015bci<\/strong><\/p><\/li><li data-start=\"1387\" data-end=\"1469\"><p data-start=\"1389\" data-end=\"1469\"><strong data-start=\"1389\" data-end=\"1423\">Sprawy spadkowe i testamentowe<\/strong><br data-start=\"1423\" data-end=\"1426\" \/>\u2192 nabycie spadku, zachowek, dzia\u0142 spadku.<\/p><\/li><li data-start=\"1471\" data-end=\"1565\"><p data-start=\"1473\" data-end=\"1565\"><strong data-start=\"1473\" data-end=\"1500\">Ochrona d\u00f3br osobistych<\/strong><br data-start=\"1500\" data-end=\"1503\" \/>\u2192 znies\u0142awienie, naruszenie wizerunku, bezprawne publikacje.<\/p><\/li><\/ul><hr data-start=\"1567\" data-end=\"1570\" \/><p data-start=\"1572\" data-end=\"1696\"><strong data-start=\"1572\" data-end=\"1615\">Potrzebujesz pomocy w sprawie cywilnej?<\/strong><br data-start=\"1615\" data-end=\"1618\" \/>Zadzwo\u0144 lub napisz \u2013 wszystko Ci wyja\u015bni\u0119 i zaproponuj\u0119 najlepsze rozwi\u0105zanie.<\/p>\t\t\t\t\t\t\t\t<\/div>\n\t\t\t\t<\/div>\n\t\t\t\t\t<\/div>\n\t\t\t\t<\/div>\n\t\t\t\t<\/div>\n\t\t","protected":false},"excerpt":{"rendered":"<p>Prawo cywilne. Prawo cywilne to fundament relacji mi\u0119dzy lud\u017ami \u2013 prywatnych i zawodowych.Z pozoru proste sprawy cz\u0119sto wymagaj\u0105 precyzji, wiedzy i do\u015bwiadczenia.Pomagam, gdy kto\u015b nie dotrzyma\u0142 umowy, nie chce zap\u0142aci\u0107 lub naruszy\u0142 Twoje prawa. Dzia\u0142am na Twoj\u0105 korzy\u015b\u0107: \u2013 gdy walczysz o odszkodowanie lub zwrot pieni\u0119dzy,\u2013 gdy s\u0105siad przekracza granice \u2013 dos\u0142ownie i prawnie,\u2013 gdy [&hellip;]<\/p>\n","protected":false},"author":1,"featured_media":0,"parent":0,"menu_order":0,"comment_status":"closed","ping_status":"closed","template":"","meta":{"footnotes":""},"class_list":["post-139","page","type-page","status-publish","hentry"],"_links":{"self":[{"href":"https:\/\/adwokat-faron.pl\/index.php\/wp-json\/wp\/v2\/pages\/139","targetHints":{"allow":["GET"]}}],"collection":[{"href":"https:\/\/adwokat-faron.pl\/index.php\/wp-json\/wp\/v2\/pages"}],"about":[{"href":"https:\/\/adwokat-faron.pl\/index.php\/wp-json\/wp\/v2\/types\/page"}],"author":[{"embeddable":true,"href":"https:\/\/adwokat-faron.pl\/index.php\/wp-json\/wp\/v2\/users\/1"}],"replies":[{"embeddable":true,"href":"https:\/\/adwokat-faron.pl\/index.php\/wp-json\/wp\/v2\/comments?post=139"}],"version-history":[{"count":4,"href":"https:\/\/adwokat-faron.pl\/index.php\/wp-json\/wp\/v2\/pages\/139\/revisions"}],"predecessor-version":[{"id":147,"href":"https:\/\/adwokat-faron.pl\/index.php\/wp-json\/wp\/v2\/pages\/139\/revisions\/147"}],"wp:attachment":[{"href":"https:\/\/adwokat-faron.pl\/index.php\/wp-json\/wp\/v2\/media?parent=139"}],"curies":[{"name":"wp","href":"https:\/\/api.w.org\/{rel}","templated":true}]}}