{"id":110,"date":"2025-06-04T00:48:13","date_gmt":"2025-06-03T22:48:13","guid":{"rendered":"http:\/\/serwer362463.lh.pl\/autoinstalator\/serwer362463.lh.pl\/wordpress122337\/?page_id=110"},"modified":"2025-06-04T13:38:37","modified_gmt":"2025-06-04T11:38:37","slug":"o-mnie","status":"publish","type":"page","link":"https:\/\/adwokat-faron.pl\/index.php\/o-mnie\/","title":{"rendered":"O mnie"},"content":{"rendered":"\t\t<div data-elementor-type=\"wp-page\" data-elementor-id=\"110\" class=\"elementor elementor-110\" data-elementor-post-type=\"page\">\n\t\t\t\t<div class=\"elementor-element elementor-element-eb9178f e-flex e-con-boxed e-con e-parent\" data-id=\"eb9178f\" data-element_type=\"container\" data-e-type=\"container\" data-settings=\"{&quot;background_background&quot;:&quot;classic&quot;}\">\n\t\t\t\t\t<div class=\"e-con-inner\">\n\t\t<div class=\"elementor-element elementor-element-6bcc637 e-con-full e-flex e-con e-child\" data-id=\"6bcc637\" data-element_type=\"container\" data-e-type=\"container\">\n\t\t\t\t<\/div>\n\t\t<div class=\"elementor-element elementor-element-3411396 e-con-full e-flex e-con e-child\" data-id=\"3411396\" data-element_type=\"container\" data-e-type=\"container\">\n\t\t\t\t<div class=\"elementor-element elementor-element-1bb6d2d elementor-widget elementor-widget-heading\" data-id=\"1bb6d2d\" data-element_type=\"widget\" data-e-type=\"widget\" data-widget_type=\"heading.default\">\n\t\t\t\t\t<h2 class=\"elementor-heading-title elementor-size-default\">mec. MATEUSZ FARON<\/h2>\t\t\t\t<\/div>\n\t\t\t\t<div class=\"elementor-element elementor-element-b4ca88b elementor-widget elementor-widget-text-editor\" data-id=\"b4ca88b\" data-element_type=\"widget\" data-e-type=\"widget\" data-widget_type=\"text-editor.default\">\n\t\t\t\t\t\t\t\t\t<p data-start=\"326\" data-end=\"638\"><strong data-start=\"326\" data-end=\"451\">Jestem adwokatem z wieloletnim do\u015bwiadczeniem, dla kt\u00f3rego prawo to nie tylko zaw\u00f3d \u2013 to odpowiedzialno\u015b\u0107, pasja i misja.<\/strong> Od pocz\u0105tku swojej drogi zawodowej stawiam na rzetelno\u015b\u0107, zaufanie i pe\u0142ne zaanga\u017cowanie w sprawy moich klient\u00f3w. Niezale\u017cnie od skali problemu \u2013 ka\u017cda sprawa jest dla mnie r\u00f3wnie wa\u017cna.<\/p>\t\t\t\t\t\t\t\t<\/div>\n\t\t\t\t<\/div>\n\t\t\t\t\t<\/div>\n\t\t\t\t<\/div>\n\t\t<div class=\"elementor-element elementor-element-e6abaef e-flex e-con-boxed e-con e-parent\" data-id=\"e6abaef\" data-element_type=\"container\" data-e-type=\"container\">\n\t\t\t\t\t<div class=\"e-con-inner\">\n\t\t\t\t<div class=\"elementor-element elementor-element-8292a23 elementor-widget elementor-widget-text-editor\" data-id=\"8292a23\" data-element_type=\"widget\" data-e-type=\"widget\" data-widget_type=\"text-editor.default\">\n\t\t\t\t\t\t\t\t\t<p data-start=\"699\" data-end=\"1108\"><strong data-start=\"699\" data-end=\"755\">Od lat reprezentuj\u0119 osoby prywatne i przedsi\u0119biorc\u00f3w<\/strong> w sprawach cywilnych, karnych, rodzinnych oraz gospodarczych. Pracowa\u0142em przy skomplikowanych sprawach rozwodowych, post\u0119powaniach spadkowych, negocjacjach biznesowych, a tak\u017ce przy obronie w procesach karnych. Dzi\u0119ki temu <strong data-start=\"979\" data-end=\"1032\">potrafi\u0119 spojrze\u0107 na problem z r\u00f3\u017cnych perspektyw<\/strong> i znale\u017a\u0107 najlepsze mo\u017cliwe rozwi\u0105zanie \u2013 szybko, skutecznie i z wyczuciem.<\/p><p data-start=\"1145\" data-end=\"1509\"><strong data-start=\"1145\" data-end=\"1204\">Wierz\u0119, \u017ce dobry adwokat nigdy nie przestaje si\u0119 uczy\u0107.<\/strong> Regularnie uczestnicz\u0119 w szkoleniach, konferencjach i analizuj\u0119 zmieniaj\u0105ce si\u0119 przepisy, aby moi klienci mieli pewno\u015b\u0107, \u017ce korzystaj\u0105 z us\u0142ug prawnika, kt\u00f3ry zawsze dzia\u0142a zgodnie z aktualnym stanem prawnym. <strong data-start=\"1414\" data-end=\"1509\">Prawo to \u017cywy organizm \u2013 trzeba nad\u0105\u017ca\u0107, by skutecznie chroni\u0107 interesy drugiego cz\u0142owieka.<\/strong><\/p><p data-start=\"1145\" data-end=\"1509\"><strong style=\"font-size: 1rem;\" data-start=\"1565\" data-end=\"1667\">Pomagam ludziom zrozumie\u0107 ich sytuacj\u0119 prawn\u0105 i znale\u017a\u0107 wyj\u015bcie z nawet najtrudniejszych sytuacji.<\/strong><span style=\"font-size: 1rem;\"> Wierz\u0119, \u017ce prawo nie musi by\u0107 niedost\u0119pne ani niezrozumia\u0142e \u2013 moim celem jest <\/span><strong style=\"font-size: 1rem;\" data-start=\"1746\" data-end=\"1845\">przek\u0142adanie skomplikowanego j\u0119zyka przepis\u00f3w na proste, czytelne wskaz\u00f3wki i realne dzia\u0142ania.<\/strong><\/p>\t\t\t\t\t\t\t\t<\/div>\n\t\t\t\t\t<\/div>\n\t\t\t\t<\/div>\n\t\t<div class=\"elementor-element elementor-element-543a84b e-con-full e-flex e-con e-parent\" data-id=\"543a84b\" data-element_type=\"container\" data-e-type=\"container\" data-settings=\"{&quot;background_background&quot;:&quot;classic&quot;}\">\n\t\t\t\t<div class=\"elementor-element elementor-element-5a3f299 elementor-headline--style-rotate elementor-widget elementor-widget-animated-headline\" data-id=\"5a3f299\" data-element_type=\"widget\" data-e-type=\"widget\" data-settings=\"{&quot;headline_style&quot;:&quot;rotate&quot;,&quot;rotating_text&quot;:&quot;jasne zasady\\nby\\u0107 wsparciem w trudnych momentach, nie tylko pe\\u0142nomocnikiem.\\ndzia\\u0142a\\u0107 z empati\\u0105, ale zawsze konkretnie.\\nt\\u0142umaczy\\u0107, zamiast straszy\\u0107 paragrafami.\\nchroni\\u0107 to, co dla Ciebie najwa\\u017cniejsze.\\npokazywa\\u0107, \\u017ce prawo mo\\u017ce mie\\u0107 ludzk\\u0105 twarz.&quot;,&quot;animation_type&quot;:&quot;typing&quot;,&quot;loop&quot;:&quot;yes&quot;,&quot;rotate_iteration_delay&quot;:2500}\" data-widget_type=\"animated-headline.default\">\n\t\t\t\t\t\t\t<p class=\"elementor-headline elementor-headline-animation-type-typing elementor-headline-letters\">\n\t\t\t\t\t<span class=\"elementor-headline-plain-text elementor-headline-text-wrapper\">Moja misja: <\/span>\n\t\t\t\t<span class=\"elementor-headline-dynamic-wrapper elementor-headline-text-wrapper\">\n\t\t\t\t\t<span class=\"elementor-headline-dynamic-text elementor-headline-text-active\">\n\t\t\t\tjasne&nbsp;zasady\t\t\t<\/span>\n\t\t\t\t\t<span class=\"elementor-headline-dynamic-text\">\n\t\t\t\tby\u0107&nbsp;wsparciem&nbsp;w&nbsp;trudnych&nbsp;momentach,&nbsp;nie&nbsp;tylko&nbsp;pe\u0142nomocnikiem.\t\t\t<\/span>\n\t\t\t\t\t<span class=\"elementor-headline-dynamic-text\">\n\t\t\t\tdzia\u0142a\u0107&nbsp;z&nbsp;empati\u0105,&nbsp;ale&nbsp;zawsze&nbsp;konkretnie.\t\t\t<\/span>\n\t\t\t\t\t<span class=\"elementor-headline-dynamic-text\">\n\t\t\t\tt\u0142umaczy\u0107,&nbsp;zamiast&nbsp;straszy\u0107&nbsp;paragrafami.\t\t\t<\/span>\n\t\t\t\t\t<span class=\"elementor-headline-dynamic-text\">\n\t\t\t\tchroni\u0107&nbsp;to,&nbsp;co&nbsp;dla&nbsp;Ciebie&nbsp;najwa\u017cniejsze.\t\t\t<\/span>\n\t\t\t\t\t<span class=\"elementor-headline-dynamic-text\">\n\t\t\t\tpokazywa\u0107,&nbsp;\u017ce&nbsp;prawo&nbsp;mo\u017ce&nbsp;mie\u0107&nbsp;ludzk\u0105&nbsp;twarz.\t\t\t<\/span>\n\t\t\t\t\t\t<\/span>\n\t\t\t\t<\/p>\n\t\t\t\t\t\t<\/div>\n\t\t\t\t<\/div>\n\t\t<div class=\"elementor-element elementor-element-7a4a193 e-flex e-con-boxed e-con e-parent\" data-id=\"7a4a193\" data-element_type=\"container\" data-e-type=\"container\">\n\t\t\t\t\t<div class=\"e-con-inner\">\n\t\t\t\t<div class=\"elementor-element elementor-element-8c33b2e elementor-widget elementor-widget-text-editor\" data-id=\"8c33b2e\" data-element_type=\"widget\" data-e-type=\"widget\" data-widget_type=\"text-editor.default\">\n\t\t\t\t\t\t\t\t\t<p data-start=\"1847\" data-end=\"2105\">Zawsze stawiam na <strong data-start=\"1865\" data-end=\"1947\">jasn\u0105 komunikacj\u0119, uczciwe zasady wsp\u00f3\u0142pracy i szacunek do drugiego cz\u0142owieka.<\/strong> Klienci ceni\u0105 mnie za spok\u00f3j, opanowanie i zdolno\u015b\u0107 do dzia\u0142ania pod presj\u0105 czasu \u2013 wiem, jak wa\u017cne s\u0105 szybkie reakcje i skuteczno\u015b\u0107 w momentach kryzysowych.<\/p><p data-start=\"2138\" data-end=\"2447\"><strong data-start=\"2138\" data-end=\"2218\">Nie jestem prawnikiem \u201eod wszystkiego\u201d \u2013 jestem prawnikiem od Twojej sprawy.<\/strong> Zawsze dopasowuj\u0119 strategi\u0119 dzia\u0142ania do indywidualnej sytuacji, uwzgl\u0119dniaj\u0105c zar\u00f3wno potrzeby, jak i emocje, kt\u00f3re cz\u0119sto towarzysz\u0105 sprawom prawnym. W relacji z klientem stawiam na <strong data-start=\"2403\" data-end=\"2447\">partnerstwo, zaufanie i pe\u0142n\u0105 dyskrecj\u0119.<\/strong><\/p><p data-start=\"2488\" data-end=\"2781\">Dla mnie ka\u017cdy klient to cz\u0142owiek z histori\u0105, a nie numer w aktach. <strong data-start=\"2556\" data-end=\"2692\">Pomagam rozwi\u0105zywa\u0107 problemy, zanim stan\u0105 si\u0119 wi\u0119ksze \u2013 ale te\u017c podejmuj\u0119 si\u0119 spraw trudnych, kiedy sytuacja wydaje si\u0119 bez wyj\u015bcia.<\/strong> To w\u0142a\u015bnie wtedy moja wiedza, do\u015bwiadczenie i determinacja przynosz\u0105 najwi\u0119cej korzy\u015bci.<\/p><hr data-start=\"2783\" data-end=\"2786\" \/><p style=\"text-align: center;\" data-start=\"2840\" data-end=\"3050\">Je\u015bli szukasz prawnika, kt\u00f3ry wys\u0142ucha Ci\u0119 uwa\u017cnie, rzetelnie przeanalizuje spraw\u0119 i przedstawi konkretne rozwi\u0105zania \u2013 <strong data-start=\"2960\" data-end=\"2992\">jestem do Twojej dyspozycji.<\/strong> Um\u00f3w si\u0119 na spotkanie i przekonaj si\u0119, jak mog\u0119 Ci pom\u00f3c.<\/p>\t\t\t\t\t\t\t\t<\/div>\n\t\t\t\t<div class=\"elementor-element elementor-element-066cf21 elementor-widget elementor-widget-heading\" data-id=\"066cf21\" data-element_type=\"widget\" data-e-type=\"widget\" data-widget_type=\"heading.default\">\n\t\t\t\t\t<p class=\"elementor-heading-title elementor-size-default\">Mateusz Faron \u2013 adwokat z ludzkim podej\u015bciem i skutecznym dzia\u0142aniem.<\/p>\t\t\t\t<\/div>\n\t\t\t\t\t<\/div>\n\t\t\t\t<\/div>\n\t\t\t\t<\/div>\n\t\t","protected":false},"excerpt":{"rendered":"<p>mec. MATEUSZ FARON Jestem adwokatem z wieloletnim do\u015bwiadczeniem, dla kt\u00f3rego prawo to nie tylko zaw\u00f3d \u2013 to odpowiedzialno\u015b\u0107, pasja i misja. Od pocz\u0105tku swojej drogi zawodowej stawiam na rzetelno\u015b\u0107, zaufanie i pe\u0142ne zaanga\u017cowanie w sprawy moich klient\u00f3w. Niezale\u017cnie od skali problemu \u2013 ka\u017cda sprawa jest dla mnie r\u00f3wnie wa\u017cna. Od lat reprezentuj\u0119 osoby prywatne i [&hellip;]<\/p>\n","protected":false},"author":1,"featured_media":0,"parent":0,"menu_order":0,"comment_status":"closed","ping_status":"closed","template":"","meta":{"footnotes":""},"class_list":["post-110","page","type-page","status-publish","hentry"],"_links":{"self":[{"href":"https:\/\/adwokat-faron.pl\/index.php\/wp-json\/wp\/v2\/pages\/110","targetHints":{"allow":["GET"]}}],"collection":[{"href":"https:\/\/adwokat-faron.pl\/index.php\/wp-json\/wp\/v2\/pages"}],"about":[{"href":"https:\/\/adwokat-faron.pl\/index.php\/wp-json\/wp\/v2\/types\/page"}],"author":[{"embeddable":true,"href":"https:\/\/adwokat-faron.pl\/index.php\/wp-json\/wp\/v2\/users\/1"}],"replies":[{"embeddable":true,"href":"https:\/\/adwokat-faron.pl\/index.php\/wp-json\/wp\/v2\/comments?post=110"}],"version-history":[{"count":28,"href":"https:\/\/adwokat-faron.pl\/index.php\/wp-json\/wp\/v2\/pages\/110\/revisions"}],"predecessor-version":[{"id":221,"href":"https:\/\/adwokat-faron.pl\/index.php\/wp-json\/wp\/v2\/pages\/110\/revisions\/221"}],"wp:attachment":[{"href":"https:\/\/adwokat-faron.pl\/index.php\/wp-json\/wp\/v2\/media?parent=110"}],"curies":[{"name":"wp","href":"https:\/\/api.w.org\/{rel}","templated":true}]}}